{"id":270,"date":"2026-02-11T06:31:14","date_gmt":"2026-02-11T06:31:14","guid":{"rendered":"https:\/\/sailadditive.com\/?post_type=product&#038;p=270"},"modified":"2026-04-10T04:00:13","modified_gmt":"2026-04-10T04:00:13","slug":"s-333-silicone-leveling-agent","status":"publish","type":"product","link":"https:\/\/sailadditive.com\/vi\/product\/s-333-silicone-leveling-agent\/","title":{"rendered":"S-333 San B\u1eb1ng Silicon Agent"},"content":{"rendered":"<p><b data-path-to-node=\"1\" data-index-in-node=\"0\">S\u1ea3n ph\u1ea9m m\u00f4 t\u1ea3:<\/b><\/p>\n<p>Structure or Component: \u00a0Polyether-modified polydimethylsiloxane copolymer<\/p>\n<p>Features and Applications: Similar to <a href=\"https:\/\/www.byk.com\/zh\/products\/additive-guide\/byk-333\">BYK-333<\/a>n\u00f3 l\u00e0 m\u1ed9t \u0111\u1ea1i di\u1ec7n silicon b\u1ec1 m\u1eb7t ph\u1ee5 bi\u1ebft \u0111\u1ebfn \u0111\u1ec3 cung c\u1ea5p tr\u01b0\u1ee3t tuy\u1ec7t v\u1eddi m\u00f2n, v\u00e0 l\u1ea5p ch\u1ed7 ngh\u1ec9.<\/p>\n<p>S-333 \u0111\u1ee9ng ra nh\u01b0 m\u1ed9t r\u1ea5t th\u00edch ph\u1ee5 th\u00edch h\u1ee3p cho tia c\u1ef1c t\u00edm-c\u00f3 th\u1ec3 ch\u1eefa \u0111\u01b0\u1ee3c, d\u1ef1a dung m\u00f4i, v\u00e0 h\u1ec7 th\u1ed1ng n\u01b0\u1edbc. Ch\u00ednh c\u1ee7a n\u00f3 l\u1ee3i th\u1ebf k\u1ef9 thu\u1eadt n\u1eb1m trong kh\u1ea3 n\u0103ng c\u1ee7a m\u00ecnh \u0111\u1ec3 l\u00e0m gi\u1ea3m \u0111\u00e1ng k\u1ec3 ma s\u00e1t \u0111\u00f3 t\u0103ng c\u01b0\u1eddng b\u1ec1 m\u1eb7t \u00eam \u00e1i, \u0111\u1ea7u kh\u00e1ng, v\u00e0 ch\u1ed1ng ch\u1eb7n ch\u1ed7 ngh\u1ec9. Ngo\u00e0i b\u1ea3o v\u1ec7 c\u1ee7a n\u00f3 ph\u1ea9m ch\u1ea5t, nh\u1eefng s\u1ea3n ph\u1ea9m \u0111\u1ea3m b\u1ea3o nhanh ch\u00f3ng san v\u00e0 c\u1ea3i thi\u1ec7n b\u00f3ng m\u00e0 \u1ea3nh h\u01b0\u1edfng \u0111\u1ebfn recoatability, l\u00e0m cho n\u00f3 m\u1ed9t gi\u1ea3i ph\u00e1p l\u00fd t\u01b0\u1edfng cho c\u1ea3 hai s\u1eafc t\u1ed1 h\u1ec7 th\u1ed1ng v\u00e0 m\u1edd k\u1ebft th\u00fac.<\/p>\n<p><b data-path-to-node=\"1\" data-index-in-node=\"0\">\u0110\u1eb7c s\u1ea3n ph\u1ea9m K\u1ef9 thu\u1eadt d\u1eef li\u1ec7u:<\/b><\/p>\n<p>B\u00ean ngo\u00e0i: \u0111\u01b0\u1eddng \u00c1nh s\u00e1ng m\u00e0u v\u00e0ng \u0111\u1ec3 amber ch\u1ea5t l\u1ecfng trong su\u1ed1t<\/p>\n<p>Nh\u1edbt sang 25 \u0111\u1ed9 , mm 2\/s s\u1ed1ng 500-1000<\/p>\n<p>M\u1eadt \u0111\u1ed9 sang 25 \u0111\u1ed9) 1.440-1.450<\/p>\n<p>Kh\u00f4ng bay h\u01a1i c\u00f3 v\u1ea5n \u0111\u1ec1 n\u1ed9i dung s\u1ed1ng 120 c\u00f3 th\u1ec3\/2h\uff0c% s\u1ed1ng &gt;97<\/p>\n<p><strong>\u1ee8ng d\u1ee5ng, v\u00e0 ngo\u00e0i ra ti\u1ec1n:<\/strong><\/p>\n<p>Applications\uff1a<\/p>\n<p>Printing Inks: Screen, gravure, and flexo inks; overprint varnishes and matte inks.<\/p>\n<p>Coatings: Automotive, wood, furniture, plastic, industrial, and decorative coatings.<\/p>\n<p>Digital Media: High-performance inkjet inks (UV, solvent, and water-based).<\/p>\n<p data-path-to-node=\"3,2,0\"><b style=\"font-style: inherit;\" data-path-to-node=\"6,0,0\" data-index-in-node=\"0\">N\u00ean Li\u1ec1u:<\/b><span style=\"font-size: 16px;\"> N\u00f3i chung <\/span><b style=\"font-style: inherit;\" data-path-to-node=\"6,0,0\" data-index-in-node=\"30\">0.05\u20130.3%<\/b><span style=\"font-size: 16px;\"> t\u1ed5ng c\u00f4ng th\u1ee9c. Cho tia c\u1ef1c t\u00edm v\u00e0 n\u01b0\u1edbc d\u1ef1a tr\u00ean h\u1ec7 th\u1ed1ng c\u1ee7a m\u1ed9t li\u1ec1u l\u01b0\u1ee3ng cao h\u01a1n <\/span><b style=\"font-style: inherit;\" data-path-to-node=\"6,0,0\" data-index-in-node=\"113\">0.3\u20131%<\/b><span style=\"font-size: 16px;\"> l\u00e0 \u0111\u1ec1 ngh\u1ecb.<\/span><\/p>\n<p data-path-to-node=\"3,2,0\"><b data-path-to-node=\"6,1,0\" data-index-in-node=\"0\">K\u1ebft h\u1ee3p:<\/b> T\u1ed1t nh\u1ea5t th\u00eam v\u00e0o trong s\u01a1n tr\u1ed9n \u0111\u1ec3 \u0111\u1ea3m b\u1ea3o \u0111\u1ed3ng ph\u00e2n ph\u1ed1i.Nhi\u1ec7t \u0111\u1ed9 \u1ed4n \u0111\u1ecbnh: Xin l\u01b0u \u00fd r\u1eb1ng \u0111\u1ed9 \u0111\u1ee5c c\u00f3 th\u1ec3 x\u1ea3y ra \u1edf nhi\u1ec7t \u0111\u1ed9 th\u1ea5p. \u0110\u00e2y l\u00e0 m\u1ed9t \u0111\u1ea3o ng\u01b0\u1ee3c th\u1ec3 thay \u0111\u1ed5i \u0111i\u1ec1u \u0111\u00f3 c\u00f3 th\u1ec3 \u0111\u01b0\u1ee3c lo\u1ea1i b\u1ecf l\u00f2 s\u01b0\u1edfi b\u1eb1ng c\u00e1ch nh\u1eb9 nh\u00e0ng v\u00e0 kh\u00f4ng \u1ea3nh h\u01b0\u1edfng \u0111\u1ebfn c\u00e1c s\u1ea3n ph\u1ea9m cu\u1ed1i c\u00f9ng ch\u1ea5t l\u01b0\u1ee3ng.<\/p>\n<p>G\u00f3i : 25 L \/Th\u00f9ng v\u00e0 200 L\u00cdT nh\u1ef1a\/Th\u00f9ng th\u00e9p.<\/p>\n<p>C\u1eeda h\u00e0ng: l\u01b0u Tr\u1eef trong h\u1ed9p k\u00edn trong 24 th\u00e1ng,l\u01b0u Tr\u1eef \u1edf m\u1ed9t n\u01a1i kh\u00f4 m\u00e1t m\u1ebb.<\/p>\n<p>Giao th\u00f4ng v\u1eadn t\u1ea3i nh\u01b0 kh\u00f4ng d\u00f9ng h\u00f3a ch\u1ea5t \u0111\u1ed9c h\u1ea1i.<\/p>","protected":false},"excerpt":{"rendered":"<p><b data-path-to-node=\"2\" data-index-in-node=\"0\">S-333<\/b> l\u00e0 m\u1ed9t thi\u1ebft-s\u1eeda \u0111\u1ed5i polydimethylsiloxane ch\u1ea5t x\u00fac t\u00e1c. T\u01b0\u01a1ng t\u1ef1 <b data-path-to-node=\"2\" data-index-in-node=\"73\">BYK-333<\/b>n\u00f3 l\u00e0 m\u1ed9t \u0111\u1ea1i di\u1ec7n silicon b\u1ec1 m\u1eb7t ph\u1ee5 bi\u1ebft \u0111\u1ebfn \u0111\u1ec3 cung c\u1ea5p tr\u01b0\u1ee3t tuy\u1ec7t v\u1eddi m\u00f2n, v\u00e0 l\u1ea5p ch\u1ed7 ngh\u1ec9.<\/p>","protected":false},"featured_media":29793,"template":"","meta":[],"product_brand":[],"product_cat":[28],"product_tag":[],"class_list":{"0":"post-270","1":"product","2":"type-product","3":"status-publish","4":"has-post-thumbnail","6":"product_cat-leveling-agents","8":"first","9":"instock","10":"virtual","11":"product-type-simple"},"yoast_head":"<!-- This site is optimized with the Yoast SEO plugin v27.2 - https:\/\/yoast.com\/product\/yoast-seo-wordpress\/ -->\n<title>S-333 Silicone Leveling Agent - SAIL-ADDITIVE | Leading Chemical Additives Manufacturer<\/title>\n<meta name=\"description\" content=\"S-333 Silicone Leveling Agent, polyether-modified polydimethylsiloxane copolymer. Similar or replacement BYK-333, a highly compatible additive suitable for UV-curable, solvent-based, and aqueous systems. Its primary technical advantage lies in its ability to significantly reduce the coefficient of friction, thereby enhancing surface smoothness, scratch resistance, and anti-blocking properties. Beyond its protective qualities, the product ensures rapid leveling and improved gloss without negatively impacting recoatability, making it an ideal solution for both pigmented systems and matte finishes.\" \/>\n<meta name=\"robots\" content=\"index, follow, max-snippet:-1, max-image-preview:large, max-video-preview:-1\" \/>\n<link rel=\"canonical\" href=\"https:\/\/sailadditive.com\/vi\/product\/s-333-silicone-leveling-agent\/\" \/>\n<meta property=\"og:locale\" content=\"vi_VN\" \/>\n<meta property=\"og:type\" content=\"article\" \/>\n<meta property=\"og:title\" content=\"S-333 Silicone Leveling Agent - SAIL-ADDITIVE | Leading Chemical Additives Manufacturer\" \/>\n<meta property=\"og:description\" content=\"S-333 Silicone Leveling Agent, polyether-modified polydimethylsiloxane copolymer. Similar or replacement BYK-333, a highly compatible additive suitable for UV-curable, solvent-based, and aqueous systems. Its primary technical advantage lies in its ability to significantly reduce the coefficient of friction, thereby enhancing surface smoothness, scratch resistance, and anti-blocking properties. Beyond its protective qualities, the product ensures rapid leveling and improved gloss without negatively impacting recoatability, making it an ideal solution for both pigmented systems and matte finishes.\" \/>\n<meta property=\"og:url\" content=\"https:\/\/sailadditive.com\/vi\/product\/s-333-silicone-leveling-agent\/\" \/>\n<meta property=\"og:site_name\" content=\"SAIL-ADDITIVE | Leading Chemical Additives Manufacturer\" \/>\n<meta property=\"article:modified_time\" content=\"2026-04-10T04:00:13+00:00\" \/>\n<meta property=\"og:image\" content=\"https:\/\/sailadditive.com\/wp-content\/uploads\/2026\/02\/S-333-silicone-leveling-agent.webp\" \/>\n\t<meta property=\"og:image:width\" content=\"720\" \/>\n\t<meta property=\"og:image:height\" content=\"720\" \/>\n\t<meta property=\"og:image:type\" content=\"image\/png\" \/>\n<meta name=\"twitter:card\" content=\"summary_large_image\" \/>\n<meta name=\"twitter:label1\" content=\"\u01af\u1edbc t\u00ednh th\u1eddi gian \u0111\u1ecdc\" \/>\n\t<meta name=\"twitter:data1\" content=\"2 ph\u00fat\" \/>\n<script type=\"application\/ld+json\" class=\"yoast-schema-graph\">{\"@context\":\"https:\/\/schema.org\",\"@graph\":[{\"@type\":\"WebPage\",\"@id\":\"https:\/\/sailadditive.com\/product\/s-333-silicone-leveling-agent\/\",\"url\":\"https:\/\/sailadditive.com\/product\/s-333-silicone-leveling-agent\/\",\"name\":\"S-333 Silicone Leveling Agent - SAIL-ADDITIVE | Leading Chemical Additives Manufacturer\",\"isPartOf\":{\"@id\":\"https:\/\/sailadditive.com\/#website\"},\"primaryImageOfPage\":{\"@id\":\"https:\/\/sailadditive.com\/product\/s-333-silicone-leveling-agent\/#primaryimage\"},\"image\":{\"@id\":\"https:\/\/sailadditive.com\/product\/s-333-silicone-leveling-agent\/#primaryimage\"},\"thumbnailUrl\":\"https:\/\/sailadditive.com\/wp-content\/uploads\/2026\/02\/S-333-silicone-leveling-agent.webp\",\"datePublished\":\"2026-02-11T06:31:14+00:00\",\"dateModified\":\"2026-04-10T04:00:13+00:00\",\"description\":\"S-333 Silicone Leveling Agent, polyether-modified polydimethylsiloxane copolymer. Similar or replacement BYK-333, a highly compatible additive suitable for UV-curable, solvent-based, and aqueous systems. Its primary technical advantage lies in its ability to significantly reduce the coefficient of friction, thereby enhancing surface smoothness, scratch resistance, and anti-blocking properties. Beyond its protective qualities, the product ensures rapid leveling and improved gloss without negatively impacting recoatability, making it an ideal solution for both pigmented systems and matte finishes.\",\"breadcrumb\":{\"@id\":\"https:\/\/sailadditive.com\/product\/s-333-silicone-leveling-agent\/#breadcrumb\"},\"inLanguage\":\"vi\",\"potentialAction\":[{\"@type\":\"ReadAction\",\"target\":[\"https:\/\/sailadditive.com\/product\/s-333-silicone-leveling-agent\/\"]}]},{\"@type\":\"ImageObject\",\"inLanguage\":\"vi\",\"@id\":\"https:\/\/sailadditive.com\/product\/s-333-silicone-leveling-agent\/#primaryimage\",\"url\":\"https:\/\/sailadditive.com\/wp-content\/uploads\/2026\/02\/S-333-silicone-leveling-agent.webp\",\"contentUrl\":\"https:\/\/sailadditive.com\/wp-content\/uploads\/2026\/02\/S-333-silicone-leveling-agent.webp\",\"width\":720,\"height\":720,\"caption\":\"S-333-silicone-leveling-agent\"},{\"@type\":\"BreadcrumbList\",\"@id\":\"https:\/\/sailadditive.com\/product\/s-333-silicone-leveling-agent\/#breadcrumb\",\"itemListElement\":[{\"@type\":\"ListItem\",\"position\":1,\"name\":\"Home\",\"item\":\"https:\/\/sailadditive.com\/\"},{\"@type\":\"ListItem\",\"position\":2,\"name\":\"Shop\",\"item\":\"https:\/\/sailadditive.com\/shop\/\"},{\"@type\":\"ListItem\",\"position\":3,\"name\":\"S-333 Silicone Leveling Agent\"}]},{\"@type\":\"WebSite\",\"@id\":\"https:\/\/sailadditive.com\/#website\",\"url\":\"https:\/\/sailadditive.com\/\",\"name\":\"SAIL-ADDITIVE | Leading Chemical Additives Manufacturer\",\"description\":\"Premium Defoamers, Wetting Agents &amp; Leveling Agents for Coatings and Inks\",\"publisher\":{\"@id\":\"https:\/\/sailadditive.com\/#organization\"},\"potentialAction\":[{\"@type\":\"SearchAction\",\"target\":{\"@type\":\"EntryPoint\",\"urlTemplate\":\"https:\/\/sailadditive.com\/?s={search_term_string}\"},\"query-input\":{\"@type\":\"PropertyValueSpecification\",\"valueRequired\":true,\"valueName\":\"search_term_string\"}}],\"inLanguage\":\"vi\"},{\"@type\":\"Organization\",\"@id\":\"https:\/\/sailadditive.com\/#organization\",\"name\":\"SAIL-ADDITIVE | Leading Chemical Additives Manufacturer\",\"url\":\"https:\/\/sailadditive.com\/\",\"logo\":{\"@type\":\"ImageObject\",\"inLanguage\":\"vi\",\"@id\":\"https:\/\/sailadditive.com\/#\/schema\/logo\/image\/\",\"url\":\"https:\/\/sailadditive.com\/wp-content\/uploads\/2026\/02\/cropped-site-icon-Agent-additive-1.webp\",\"contentUrl\":\"https:\/\/sailadditive.com\/wp-content\/uploads\/2026\/02\/cropped-site-icon-Agent-additive-1.webp\",\"width\":339,\"height\":333,\"caption\":\"SAIL-ADDITIVE | Leading Chemical Additives Manufacturer\"},\"image\":{\"@id\":\"https:\/\/sailadditive.com\/#\/schema\/logo\/image\/\"}}]}<\/script>\n<!-- \/ Yoast SEO plugin. -->","yoast_head_json":{"title":"S-333 Silicone Leveling Agent - SAIL-ADDITIVE | Leading Chemical Additives Manufacturer","description":"S-333 San b\u1eb1ng Silicon Agent, nh\u1ef1a-s\u1eeda \u0111\u1ed5i polydimethylsiloxane ch\u1ea5t x\u00fac t\u00e1c. Ho\u1eb7c t\u01b0\u01a1ng t\u1ef1 th\u1ebf BYK-333, m\u1ed9t r\u1ea5t th\u00edch ph\u1ee5 th\u00edch h\u1ee3p cho tia c\u1ef1c t\u00edm-c\u00f3 th\u1ec3 ch\u1eefa \u0111\u01b0\u1ee3c, d\u1ef1a dung m\u00f4i, v\u00e0 h\u1ec7 th\u1ed1ng n\u01b0\u1edbc. Ch\u00ednh c\u1ee7a n\u00f3 l\u1ee3i th\u1ebf k\u1ef9 thu\u1eadt n\u1eb1m trong kh\u1ea3 n\u0103ng c\u1ee7a m\u00ecnh \u0111\u1ec3 l\u00e0m gi\u1ea3m \u0111\u00e1ng k\u1ec3 ma s\u00e1t \u0111\u00f3 t\u0103ng c\u01b0\u1eddng b\u1ec1 m\u1eb7t \u00eam \u00e1i, \u0111\u1ea7u kh\u00e1ng, v\u00e0 ch\u1ed1ng ch\u1eb7n ch\u1ed7 ngh\u1ec9. Ngo\u00e0i b\u1ea3o v\u1ec7 c\u1ee7a n\u00f3 ph\u1ea9m ch\u1ea5t, nh\u1eefng s\u1ea3n ph\u1ea9m \u0111\u1ea3m b\u1ea3o nhanh ch\u00f3ng san v\u00e0 c\u1ea3i thi\u1ec7n b\u00f3ng m\u00e0 \u1ea3nh h\u01b0\u1edfng \u0111\u1ebfn recoatability, l\u00e0m cho n\u00f3 m\u1ed9t gi\u1ea3i ph\u00e1p l\u00fd t\u01b0\u1edfng cho c\u1ea3 hai s\u1eafc t\u1ed1 h\u1ec7 th\u1ed1ng v\u00e0 m\u1edd k\u1ebft th\u00fac.","robots":{"index":"index","follow":"follow","max-snippet":"max-snippet:-1","max-image-preview":"max-image-preview:large","max-video-preview":"max-video-preview:-1"},"canonical":"https:\/\/sailadditive.com\/vi\/product\/s-333-silicone-leveling-agent\/","og_locale":"vi_VN","og_type":"article","og_title":"S-333 Silicone Leveling Agent - SAIL-ADDITIVE | Leading Chemical Additives Manufacturer","og_description":"S-333 Silicone Leveling Agent, polyether-modified polydimethylsiloxane copolymer. Similar or replacement BYK-333, a highly compatible additive suitable for UV-curable, solvent-based, and aqueous systems. Its primary technical advantage lies in its ability to significantly reduce the coefficient of friction, thereby enhancing surface smoothness, scratch resistance, and anti-blocking properties. Beyond its protective qualities, the product ensures rapid leveling and improved gloss without negatively impacting recoatability, making it an ideal solution for both pigmented systems and matte finishes.","og_url":"https:\/\/sailadditive.com\/vi\/product\/s-333-silicone-leveling-agent\/","og_site_name":"SAIL-ADDITIVE | Leading Chemical Additives Manufacturer","article_modified_time":"2026-04-10T04:00:13+00:00","og_image":[{"width":720,"height":720,"url":"https:\/\/sailadditive.com\/wp-content\/uploads\/2026\/02\/S-333-silicone-leveling-agent.webp","type":"image\/png"}],"twitter_card":"summary_large_image","twitter_misc":{"\u01af\u1edbc t\u00ednh th\u1eddi gian \u0111\u1ecdc":"2 ph\u00fat"},"schema":{"@context":"https:\/\/schema.org","@graph":[{"@type":"WebPage","@id":"https:\/\/sailadditive.com\/product\/s-333-silicone-leveling-agent\/","url":"https:\/\/sailadditive.com\/product\/s-333-silicone-leveling-agent\/","name":"S-333 Silicone Leveling Agent - SAIL-ADDITIVE | Leading Chemical Additives Manufacturer","isPartOf":{"@id":"https:\/\/sailadditive.com\/#website"},"primaryImageOfPage":{"@id":"https:\/\/sailadditive.com\/product\/s-333-silicone-leveling-agent\/#primaryimage"},"image":{"@id":"https:\/\/sailadditive.com\/product\/s-333-silicone-leveling-agent\/#primaryimage"},"thumbnailUrl":"https:\/\/sailadditive.com\/wp-content\/uploads\/2026\/02\/S-333-silicone-leveling-agent.webp","datePublished":"2026-02-11T06:31:14+00:00","dateModified":"2026-04-10T04:00:13+00:00","description":"S-333 San b\u1eb1ng Silicon Agent, nh\u1ef1a-s\u1eeda \u0111\u1ed5i polydimethylsiloxane ch\u1ea5t x\u00fac t\u00e1c. Ho\u1eb7c t\u01b0\u01a1ng t\u1ef1 th\u1ebf BYK-333, m\u1ed9t r\u1ea5t th\u00edch ph\u1ee5 th\u00edch h\u1ee3p cho tia c\u1ef1c t\u00edm-c\u00f3 th\u1ec3 ch\u1eefa \u0111\u01b0\u1ee3c, d\u1ef1a dung m\u00f4i, v\u00e0 h\u1ec7 th\u1ed1ng n\u01b0\u1edbc. Ch\u00ednh c\u1ee7a n\u00f3 l\u1ee3i th\u1ebf k\u1ef9 thu\u1eadt n\u1eb1m trong kh\u1ea3 n\u0103ng c\u1ee7a m\u00ecnh \u0111\u1ec3 l\u00e0m gi\u1ea3m \u0111\u00e1ng k\u1ec3 ma s\u00e1t \u0111\u00f3 t\u0103ng c\u01b0\u1eddng b\u1ec1 m\u1eb7t \u00eam \u00e1i, \u0111\u1ea7u kh\u00e1ng, v\u00e0 ch\u1ed1ng ch\u1eb7n ch\u1ed7 ngh\u1ec9. Ngo\u00e0i b\u1ea3o v\u1ec7 c\u1ee7a n\u00f3 ph\u1ea9m ch\u1ea5t, nh\u1eefng s\u1ea3n ph\u1ea9m \u0111\u1ea3m b\u1ea3o nhanh ch\u00f3ng san v\u00e0 c\u1ea3i thi\u1ec7n b\u00f3ng m\u00e0 \u1ea3nh h\u01b0\u1edfng \u0111\u1ebfn recoatability, l\u00e0m cho n\u00f3 m\u1ed9t gi\u1ea3i ph\u00e1p l\u00fd t\u01b0\u1edfng cho c\u1ea3 hai s\u1eafc t\u1ed1 h\u1ec7 th\u1ed1ng v\u00e0 m\u1edd k\u1ebft th\u00fac.","breadcrumb":{"@id":"https:\/\/sailadditive.com\/product\/s-333-silicone-leveling-agent\/#breadcrumb"},"inLanguage":"vi","potentialAction":[{"@type":"ReadAction","target":["https:\/\/sailadditive.com\/product\/s-333-silicone-leveling-agent\/"]}]},{"@type":"ImageObject","inLanguage":"vi","@id":"https:\/\/sailadditive.com\/product\/s-333-silicone-leveling-agent\/#primaryimage","url":"https:\/\/sailadditive.com\/wp-content\/uploads\/2026\/02\/S-333-silicone-leveling-agent.webp","contentUrl":"https:\/\/sailadditive.com\/wp-content\/uploads\/2026\/02\/S-333-silicone-leveling-agent.webp","width":720,"height":720,"caption":"S-333-silicone-leveling-agent"},{"@type":"BreadcrumbList","@id":"https:\/\/sailadditive.com\/product\/s-333-silicone-leveling-agent\/#breadcrumb","itemListElement":[{"@type":"ListItem","position":1,"name":"Home","item":"https:\/\/sailadditive.com\/"},{"@type":"ListItem","position":2,"name":"Shop","item":"https:\/\/sailadditive.com\/shop\/"},{"@type":"ListItem","position":3,"name":"S-333 Silicone Leveling Agent"}]},{"@type":"WebSite","@id":"https:\/\/sailadditive.com\/#website","url":"https:\/\/sailadditive.com\/","name":"SAIL-ADDITIVE | Leading Chemical Additives Manufacturer","description":"Premium Defoamers, Wetting Agents &amp; Leveling Agents for Coatings and Inks","publisher":{"@id":"https:\/\/sailadditive.com\/#organization"},"potentialAction":[{"@type":"SearchAction","target":{"@type":"EntryPoint","urlTemplate":"https:\/\/sailadditive.com\/?s={search_term_string}"},"query-input":{"@type":"PropertyValueSpecification","valueRequired":true,"valueName":"search_term_string"}}],"inLanguage":"vi"},{"@type":"Organization","@id":"https:\/\/sailadditive.com\/#organization","name":"SAIL-ADDITIVE | Leading Chemical Additives Manufacturer","url":"https:\/\/sailadditive.com\/","logo":{"@type":"ImageObject","inLanguage":"vi","@id":"https:\/\/sailadditive.com\/#\/schema\/logo\/image\/","url":"https:\/\/sailadditive.com\/wp-content\/uploads\/2026\/02\/cropped-site-icon-Agent-additive-1.webp","contentUrl":"https:\/\/sailadditive.com\/wp-content\/uploads\/2026\/02\/cropped-site-icon-Agent-additive-1.webp","width":339,"height":333,"caption":"SAIL-ADDITIVE | Leading Chemical Additives Manufacturer"},"image":{"@id":"https:\/\/sailadditive.com\/#\/schema\/logo\/image\/"}}]}},"_links":{"self":[{"href":"https:\/\/sailadditive.com\/vi\/wp-json\/wp\/v2\/product\/270","targetHints":{"allow":["GET"]}}],"collection":[{"href":"https:\/\/sailadditive.com\/vi\/wp-json\/wp\/v2\/product"}],"about":[{"href":"https:\/\/sailadditive.com\/vi\/wp-json\/wp\/v2\/types\/product"}],"version-history":[{"count":4,"href":"https:\/\/sailadditive.com\/vi\/wp-json\/wp\/v2\/product\/270\/revisions"}],"predecessor-version":[{"id":29794,"href":"https:\/\/sailadditive.com\/vi\/wp-json\/wp\/v2\/product\/270\/revisions\/29794"}],"wp:featuredmedia":[{"embeddable":true,"href":"https:\/\/sailadditive.com\/vi\/wp-json\/wp\/v2\/media\/29793"}],"wp:attachment":[{"href":"https:\/\/sailadditive.com\/vi\/wp-json\/wp\/v2\/media?parent=270"}],"wp:term":[{"taxonomy":"product_brand","embeddable":true,"href":"https:\/\/sailadditive.com\/vi\/wp-json\/wp\/v2\/product_brand?post=270"},{"taxonomy":"product_cat","embeddable":true,"href":"https:\/\/sailadditive.com\/vi\/wp-json\/wp\/v2\/product_cat?post=270"},{"taxonomy":"product_tag","embeddable":true,"href":"https:\/\/sailadditive.com\/vi\/wp-json\/wp\/v2\/product_tag?post=270"}],"curies":[{"name":"wp","href":"https:\/\/api.w.org\/{rel}","templated":true}]}}