{"id":45,"date":"2021-08-26T12:21:44","date_gmt":"2021-08-26T12:21:44","guid":{"rendered":"http:\/\/dummy.xtemos.com\/woodmart2\/elementor\/?page_id=45"},"modified":"2021-08-26T12:21:44","modified_gmt":"2021-08-26T12:21:44","slug":"compare","status":"publish","type":"page","link":"https:\/\/sailadditive.com\/vi\/compare\/","title":{"rendered":"So s\u00e1nh"},"content":{"rendered":"<div class=\"wd-empty-block wd-empty-compare\">\n\t\t\t<h2 class=\"wd-empty-block-title\">\n\t\t\t\tCompare list is empty.\t\t\t<\/h2>\n\t\t\t\t\t\t\t<p class=\"wd-empty-block-text\">\n\t\t\t\t\tKh\u00f4ng s\u1ea3n ph\u1ea9m \u0111\u00e3 th\u00eam v\u00e0o s\u1ef1 so s\u00e1nh danh s\u00e1ch. B\u1ea1n ph\u1ea3i th\u00eam m\u1ed9t s\u1ea3n ph\u1ea9m \u0111\u1ec3 so s\u00e1nh ch\u00fang. B\u1ea1n s\u1ebd t\u00ecm th\u1ea5y r\u1ea5t nhi\u1ec1u th\u00fa v\u1ecb s\u1ea3n ph\u1ea9m c\u1ee7a ch\u00fang t\u00f4i, \"\" C\u1eeda h\u00e0ng trang.\t\t\t\t<\/p>\n\t\t\t\t\t\t<a class=\"button btn btn-accent wd-empty-block-btn\" href=\"https:\/\/sailadditive.com\/vi\/shop\/\">\n\t\t\t\tReturn to shop\t\t\t<\/a>\n\t\t<\/div>","protected":false},"excerpt":{"rendered":"","protected":false},"author":2,"featured_media":0,"parent":0,"menu_order":0,"comment_status":"closed","ping_status":"closed","template":"","meta":{"footnotes":""},"class_list":["post-45","page","type-page","status-publish","hentry"],"yoast_head":"<!-- This site is optimized with the Yoast SEO plugin v27.2 - https:\/\/yoast.com\/product\/yoast-seo-wordpress\/ -->\n<title>Compare - SAIL-ADDITIVE | Leading Chemical Additives Manufacturer<\/title>\n<meta name=\"robots\" content=\"index, follow, max-snippet:-1, max-image-preview:large, max-video-preview:-1\" \/>\n<link rel=\"canonical\" href=\"https:\/\/sailadditive.com\/vi\/compare\/\" \/>\n<meta property=\"og:locale\" content=\"vi_VN\" \/>\n<meta property=\"og:type\" content=\"article\" \/>\n<meta property=\"og:title\" content=\"Compare - SAIL-ADDITIVE | Leading Chemical Additives Manufacturer\" \/>\n<meta property=\"og:url\" content=\"https:\/\/sailadditive.com\/vi\/compare\/\" \/>\n<meta property=\"og:site_name\" content=\"SAIL-ADDITIVE | Leading Chemical Additives Manufacturer\" \/>\n<meta name=\"twitter:card\" content=\"summary_large_image\" \/>\n<script type=\"application\/ld+json\" class=\"yoast-schema-graph\">{\"@context\":\"https:\/\/schema.org\",\"@graph\":[{\"@type\":\"WebPage\",\"@id\":\"https:\/\/sailadditive.com\/compare\/\",\"url\":\"https:\/\/sailadditive.com\/compare\/\",\"name\":\"Compare - SAIL-ADDITIVE | Leading Chemical Additives Manufacturer\",\"isPartOf\":{\"@id\":\"https:\/\/sailadditive.com\/#website\"},\"datePublished\":\"2021-08-26T12:21:44+00:00\",\"breadcrumb\":{\"@id\":\"https:\/\/sailadditive.com\/compare\/#breadcrumb\"},\"inLanguage\":\"vi\",\"potentialAction\":[{\"@type\":\"ReadAction\",\"target\":[\"https:\/\/sailadditive.com\/compare\/\"]}]},{\"@type\":\"BreadcrumbList\",\"@id\":\"https:\/\/sailadditive.com\/compare\/#breadcrumb\",\"itemListElement\":[{\"@type\":\"ListItem\",\"position\":1,\"name\":\"Home\",\"item\":\"https:\/\/sailadditive.com\/\"},{\"@type\":\"ListItem\",\"position\":2,\"name\":\"Compare\"}]},{\"@type\":\"WebSite\",\"@id\":\"https:\/\/sailadditive.com\/#website\",\"url\":\"https:\/\/sailadditive.com\/\",\"name\":\"SAIL-ADDITIVE | Leading Chemical Additives Manufacturer\",\"description\":\"Premium Defoamers, Wetting Agents &amp; Leveling Agents for Coatings and Inks\",\"publisher\":{\"@id\":\"https:\/\/sailadditive.com\/#organization\"},\"potentialAction\":[{\"@type\":\"SearchAction\",\"target\":{\"@type\":\"EntryPoint\",\"urlTemplate\":\"https:\/\/sailadditive.com\/?s={search_term_string}\"},\"query-input\":{\"@type\":\"PropertyValueSpecification\",\"valueRequired\":true,\"valueName\":\"search_term_string\"}}],\"inLanguage\":\"vi\"},{\"@type\":\"Organization\",\"@id\":\"https:\/\/sailadditive.com\/#organization\",\"name\":\"SAIL-ADDITIVE | Leading Chemical Additives Manufacturer\",\"url\":\"https:\/\/sailadditive.com\/\",\"logo\":{\"@type\":\"ImageObject\",\"inLanguage\":\"vi\",\"@id\":\"https:\/\/sailadditive.com\/#\/schema\/logo\/image\/\",\"url\":\"https:\/\/sailadditive.com\/wp-content\/uploads\/2026\/02\/cropped-site-icon-Agent-additive-1.webp\",\"contentUrl\":\"https:\/\/sailadditive.com\/wp-content\/uploads\/2026\/02\/cropped-site-icon-Agent-additive-1.webp\",\"width\":339,\"height\":333,\"caption\":\"SAIL-ADDITIVE | Leading Chemical Additives Manufacturer\"},\"image\":{\"@id\":\"https:\/\/sailadditive.com\/#\/schema\/logo\/image\/\"}}]}<\/script>\n<!-- \/ Yoast SEO plugin. -->","yoast_head_json":{"title":"Compare - SAIL-ADDITIVE | Leading Chemical Additives Manufacturer","robots":{"index":"index","follow":"follow","max-snippet":"max-snippet:-1","max-image-preview":"max-image-preview:large","max-video-preview":"max-video-preview:-1"},"canonical":"https:\/\/sailadditive.com\/vi\/compare\/","og_locale":"vi_VN","og_type":"article","og_title":"Compare - SAIL-ADDITIVE | Leading Chemical Additives Manufacturer","og_url":"https:\/\/sailadditive.com\/vi\/compare\/","og_site_name":"SAIL-ADDITIVE | Leading Chemical Additives Manufacturer","twitter_card":"summary_large_image","schema":{"@context":"https:\/\/schema.org","@graph":[{"@type":"WebPage","@id":"https:\/\/sailadditive.com\/compare\/","url":"https:\/\/sailadditive.com\/compare\/","name":"Compare - SAIL-ADDITIVE | Leading Chemical Additives Manufacturer","isPartOf":{"@id":"https:\/\/sailadditive.com\/#website"},"datePublished":"2021-08-26T12:21:44+00:00","breadcrumb":{"@id":"https:\/\/sailadditive.com\/compare\/#breadcrumb"},"inLanguage":"vi","potentialAction":[{"@type":"ReadAction","target":["https:\/\/sailadditive.com\/compare\/"]}]},{"@type":"BreadcrumbList","@id":"https:\/\/sailadditive.com\/compare\/#breadcrumb","itemListElement":[{"@type":"ListItem","position":1,"name":"Home","item":"https:\/\/sailadditive.com\/"},{"@type":"ListItem","position":2,"name":"Compare"}]},{"@type":"WebSite","@id":"https:\/\/sailadditive.com\/#website","url":"https:\/\/sailadditive.com\/","name":"SAIL-ADDITIVE | Leading Chemical Additives Manufacturer","description":"Premium Defoamers, Wetting Agents &amp; Leveling Agents for Coatings and Inks","publisher":{"@id":"https:\/\/sailadditive.com\/#organization"},"potentialAction":[{"@type":"SearchAction","target":{"@type":"EntryPoint","urlTemplate":"https:\/\/sailadditive.com\/?s={search_term_string}"},"query-input":{"@type":"PropertyValueSpecification","valueRequired":true,"valueName":"search_term_string"}}],"inLanguage":"vi"},{"@type":"Organization","@id":"https:\/\/sailadditive.com\/#organization","name":"SAIL-ADDITIVE | Leading Chemical Additives Manufacturer","url":"https:\/\/sailadditive.com\/","logo":{"@type":"ImageObject","inLanguage":"vi","@id":"https:\/\/sailadditive.com\/#\/schema\/logo\/image\/","url":"https:\/\/sailadditive.com\/wp-content\/uploads\/2026\/02\/cropped-site-icon-Agent-additive-1.webp","contentUrl":"https:\/\/sailadditive.com\/wp-content\/uploads\/2026\/02\/cropped-site-icon-Agent-additive-1.webp","width":339,"height":333,"caption":"SAIL-ADDITIVE | Leading Chemical Additives Manufacturer"},"image":{"@id":"https:\/\/sailadditive.com\/#\/schema\/logo\/image\/"}}]}},"_hostinger_reach_plugin_has_subscription_block":false,"_hostinger_reach_plugin_is_elementor":false,"_links":{"self":[{"href":"https:\/\/sailadditive.com\/vi\/wp-json\/wp\/v2\/pages\/45","targetHints":{"allow":["GET"]}}],"collection":[{"href":"https:\/\/sailadditive.com\/vi\/wp-json\/wp\/v2\/pages"}],"about":[{"href":"https:\/\/sailadditive.com\/vi\/wp-json\/wp\/v2\/types\/page"}],"author":[{"embeddable":true,"href":"https:\/\/sailadditive.com\/vi\/wp-json\/wp\/v2\/users\/2"}],"replies":[{"embeddable":true,"href":"https:\/\/sailadditive.com\/vi\/wp-json\/wp\/v2\/comments?post=45"}],"version-history":[{"count":0,"href":"https:\/\/sailadditive.com\/vi\/wp-json\/wp\/v2\/pages\/45\/revisions"}],"wp:attachment":[{"href":"https:\/\/sailadditive.com\/vi\/wp-json\/wp\/v2\/media?parent=45"}],"curies":[{"name":"wp","href":"https:\/\/api.w.org\/{rel}","templated":true}]}}